{"id":594,"date":"2024-08-20T17:50:46","date_gmt":"2024-08-20T20:50:46","guid":{"rendered":"https:\/\/casatres.ar\/?page_id=594"},"modified":"2026-02-25T10:27:26","modified_gmt":"2026-02-25T13:27:26","slug":"idi","status":"publish","type":"page","link":"https:\/\/casatres.ar\/?page_id=594","title":{"rendered":"IDI"},"content":{"rendered":"\t\t<div data-elementor-type=\"wp-page\" data-elementor-id=\"594\" class=\"elementor elementor-594\" data-elementor-post-type=\"page\">\n\t\t\t\t<div class=\"elementor-element elementor-element-247b164a e-flex e-con-boxed e-con e-parent\" data-id=\"247b164a\" data-element_type=\"container\" data-settings=\"{&quot;background_background&quot;:&quot;classic&quot;}\">\n\t\t\t\t\t<div class=\"e-con-inner\">\n\t\t\t\t<div class=\"elementor-element elementor-element-59d31207 animated-slow elementor-invisible elementor-widget elementor-widget-heading\" data-id=\"59d31207\" data-element_type=\"widget\" data-settings=\"{&quot;_animation&quot;:&quot;slideInUp&quot;}\" data-widget_type=\"heading.default\">\n\t\t\t\t<div class=\"elementor-widget-container\">\n\t\t\t\t\t<h2 class=\"elementor-heading-title elementor-size-default\">\u00bfQu\u00e9 es el idi?<\/h2>\t\t\t\t<\/div>\n\t\t\t\t<\/div>\n\t\t<div class=\"elementor-element elementor-element-aaa2058 e-con-full e-flex e-con e-child\" data-id=\"aaa2058\" data-element_type=\"container\">\n\t\t\t\t<div class=\"elementor-element elementor-element-db6b4cc elementor-widget elementor-widget-text-editor\" data-id=\"db6b4cc\" data-element_type=\"widget\" data-widget_type=\"text-editor.default\">\n\t\t\t\t<div class=\"elementor-widget-container\">\n\t\t\t\t\t\t\t\t\t<p>El \u00cdndice de Irascibilidad Social (IDI) es una herramienta que mide el humor social en la Argentina a partir de encuestas de opini\u00f3n p\u00fablica. Sintetiza percepciones, expectativas y niveles de tensi\u00f3n social en un \u00fanico indicador, expresado en una escala de -100 (m\u00e1ximo estr\u00e9s social) a +100 (clima de mayor estabilidad y consenso).<\/p>\t\t\t\t\t\t\t\t<\/div>\n\t\t\t\t<\/div>\n\t\t\t\t<div class=\"elementor-element elementor-element-2577d4b elementor-widget elementor-widget-text-editor\" data-id=\"2577d4b\" data-element_type=\"widget\" data-widget_type=\"text-editor.default\">\n\t\t\t\t<div class=\"elementor-widget-container\">\n\t\t\t\t\t\t\t\t\t<p>\u00bfPARA QU\u00c9 SIRVE EL IDI?<\/p>\t\t\t\t\t\t\t\t<\/div>\n\t\t\t\t<\/div>\n\t\t\t\t<div class=\"elementor-element elementor-element-8874884 elementor-widget elementor-widget-text-editor\" data-id=\"8874884\" data-element_type=\"widget\" data-widget_type=\"text-editor.default\">\n\t\t\t\t<div class=\"elementor-widget-container\">\n\t\t\t\t\t\t\t\t\t<p>El IDI permite:<\/p><p>Monitorear el clima social y su evoluci\u00f3n en el tiempo.<\/p><p>Detectar umbrales de tensi\u00f3n o estabilidad antes de que se expresen en conflictos visibles.<\/p><p>Anticipar escenarios que impactan en consumo, comunicaci\u00f3n y toma de decisiones.<\/p><p>Ajustar estrategias de empresas y organizaciones al contexto social y emocional de la sociedad<\/p>\t\t\t\t\t\t\t\t<\/div>\n\t\t\t\t<\/div>\n\t\t\t\t<div class=\"elementor-element elementor-element-1b6a79b elementor-widget elementor-widget-text-editor\" data-id=\"1b6a79b\" data-element_type=\"widget\" data-widget_type=\"text-editor.default\">\n\t\t\t\t<div class=\"elementor-widget-container\">\n\t\t\t\t\t\t\t\t\t<p>Tras el an\u00e1lisis de los datos se asignan puntuaciones que van de -100 (valor m\u00ednimo) a +100 (valor m\u00e1ximo) que reflejan el grado de irascibilidad de la opini\u00f3n p\u00fablica.<\/p>\t\t\t\t\t\t\t\t<\/div>\n\t\t\t\t<\/div>\n\t\t\t\t<\/div>\n\t\t\t\t\t<\/div>\n\t\t\t\t<\/div>\n\t\t<div class=\"elementor-element elementor-element-6c71458 e-flex e-con-boxed e-con e-parent\" data-id=\"6c71458\" data-element_type=\"container\" data-settings=\"{&quot;background_background&quot;:&quot;classic&quot;}\">\n\t\t\t\t\t<div class=\"e-con-inner\">\n\t\t\t\t<div class=\"elementor-element elementor-element-37c61f9 elementor-widget elementor-widget-heading\" data-id=\"37c61f9\" data-element_type=\"widget\" data-widget_type=\"heading.default\">\n\t\t\t\t<div class=\"elementor-widget-container\">\n\t\t\t\t\t<h2 class=\"elementor-heading-title elementor-size-default\">\u00cdndice de irascibilidad a lo largo del 2024  y 2025<\/h2>\t\t\t\t<\/div>\n\t\t\t\t<\/div>\n\t\t\t\t\t<\/div>\n\t\t\t\t<\/div>\n\t\t<div class=\"elementor-element elementor-element-fedd876 e-flex e-con-boxed e-con e-parent\" data-id=\"fedd876\" data-element_type=\"container\" data-settings=\"{&quot;background_background&quot;:&quot;classic&quot;}\">\n\t\t\t\t\t<div class=\"e-con-inner\">\n\t\t\t\t<div class=\"elementor-element elementor-element-af0ee3a elementor-widget__width-initial elementor-widget elementor-widget-html\" data-id=\"af0ee3a\" data-element_type=\"widget\" data-widget_type=\"html.default\">\n\t\t\t\t<div class=\"elementor-widget-container\">\n\t\t\t\t\t<iframe title=\"Infogram Chart\" src=\"https:\/\/infogram.com\/idi-100-1hmr6g8wyrjko2n?live\" width=\"800\" height=\"600\" style=\"border:none;\" allowfullscreen=\"true\" scrolling=\"no\"><\/iframe>\n\n\t\t\t\t<\/div>\n\t\t\t\t<\/div>\n\t\t\t\t\t<\/div>\n\t\t\t\t<\/div>\n\t\t\t\t<\/div>\n\t\t","protected":false},"excerpt":{"rendered":"<p>\u00bfQu\u00e9 es el idi? El \u00cdndice de Irascibilidad Social (IDI) es una herramienta que mide el humor social en la Argentina a partir de encuestas de opini\u00f3n p\u00fablica. Sintetiza percepciones, expectativas y niveles de tensi\u00f3n social en un \u00fanico indicador, expresado en una escala de -100 (m\u00e1ximo estr\u00e9s social) a +100 (clima de mayor estabilidad [&hellip;]<\/p>\n","protected":false},"author":1,"featured_media":0,"parent":0,"menu_order":0,"comment_status":"closed","ping_status":"closed","template":"","meta":{"footnotes":""},"_links":{"self":[{"href":"https:\/\/casatres.ar\/index.php?rest_route=\/wp\/v2\/pages\/594"}],"collection":[{"href":"https:\/\/casatres.ar\/index.php?rest_route=\/wp\/v2\/pages"}],"about":[{"href":"https:\/\/casatres.ar\/index.php?rest_route=\/wp\/v2\/types\/page"}],"author":[{"embeddable":true,"href":"https:\/\/casatres.ar\/index.php?rest_route=\/wp\/v2\/users\/1"}],"replies":[{"embeddable":true,"href":"https:\/\/casatres.ar\/index.php?rest_route=%2Fwp%2Fv2%2Fcomments&post=594"}],"version-history":[{"count":34,"href":"https:\/\/casatres.ar\/index.php?rest_route=\/wp\/v2\/pages\/594\/revisions"}],"predecessor-version":[{"id":967,"href":"https:\/\/casatres.ar\/index.php?rest_route=\/wp\/v2\/pages\/594\/revisions\/967"}],"wp:attachment":[{"href":"https:\/\/casatres.ar\/index.php?rest_route=%2Fwp%2Fv2%2Fmedia&parent=594"}],"curies":[{"name":"wp","href":"https:\/\/api.w.org\/{rel}","templated":true}]}}